{"id":42,"date":"2023-01-11T12:09:52","date_gmt":"2023-01-11T11:09:52","guid":{"rendered":"https:\/\/psycholog-ino.pl\/strona\/?page_id=42"},"modified":"2023-11-21T08:22:48","modified_gmt":"2023-11-21T07:22:48","slug":"oferta","status":"publish","type":"page","link":"https:\/\/psycholog-ino.pl\/?page_id=42","title":{"rendered":"Oferuj\u0119"},"content":{"rendered":"\n<p class=\"has-text-color has-medium-font-size\" style=\"color:#8d9c71\">Diagnoz\u0119 psychologiczn\u0105<\/p>\n\n\n\n<ul class=\"has-medium-font-size\">\n<li>badanie psychologiczne (ocena osobowo\u015bci, intelektu, funkcji poznawczych),<\/li>\n\n\n\n<li>badanie neuropsychologiczne (ocena zaburze\u0144 funkcji poznawczych, w tym zaburze\u0144 pami\u0119ci, diagnoza ot\u0119pie\u0144).<\/li>\n<\/ul>\n\n\n\n<p class=\"has-text-color has-medium-font-size\" style=\"color:#8d9c71\">Konsultacje, porady i wsparcie psychologiczne w sytuacjach trudnych i kryzysowych, a tak\u017ce w przewlek\u0142ym stresie.<\/p>\n\n\n\n<p class=\"has-text-color has-medium-font-size\" style=\"color:#8d9c71\">Indywidualn\u0105 terapi\u0119 poznawczo \u2013 behawioraln\u0105 dla m\u0142odzie\u017cy i os\u00f3b doros\u0142ych.<\/p>\n\n\n\n<p class=\"has-text-color has-link-color has-medium-font-size wp-elements-49a96c02efe32633fa557f7aff207233\" style=\"color:#8d9c71\">Indywidualne podej\u015bcie, zaanga\u017cowanie, mi\u0142\u0105 atmosfer\u0119.<\/p>\n","protected":false},"excerpt":{"rendered":"<p>Diagnoz\u0119 psychologiczn\u0105 Konsultacje, porady i wsparcie psychologiczne w sytuacjach trudnych i kryzysowych, a tak\u017ce w przewlek\u0142ym stresie. Indywidualn\u0105 terapi\u0119 poznawczo \u2013 behawioraln\u0105 dla m\u0142odzie\u017cy i os\u00f3b doros\u0142ych. Indywidualne podej\u015bcie, zaanga\u017cowanie, mi\u0142\u0105 atmosfer\u0119.<\/p>\n","protected":false},"author":1,"featured_media":0,"parent":0,"menu_order":0,"comment_status":"closed","ping_status":"closed","template":"","meta":{"footnotes":""},"_links":{"self":[{"href":"https:\/\/psycholog-ino.pl\/index.php?rest_route=\/wp\/v2\/pages\/42"}],"collection":[{"href":"https:\/\/psycholog-ino.pl\/index.php?rest_route=\/wp\/v2\/pages"}],"about":[{"href":"https:\/\/psycholog-ino.pl\/index.php?rest_route=\/wp\/v2\/types\/page"}],"author":[{"embeddable":true,"href":"https:\/\/psycholog-ino.pl\/index.php?rest_route=\/wp\/v2\/users\/1"}],"replies":[{"embeddable":true,"href":"https:\/\/psycholog-ino.pl\/index.php?rest_route=%2Fwp%2Fv2%2Fcomments&post=42"}],"version-history":[{"count":13,"href":"https:\/\/psycholog-ino.pl\/index.php?rest_route=\/wp\/v2\/pages\/42\/revisions"}],"predecessor-version":[{"id":177,"href":"https:\/\/psycholog-ino.pl\/index.php?rest_route=\/wp\/v2\/pages\/42\/revisions\/177"}],"wp:attachment":[{"href":"https:\/\/psycholog-ino.pl\/index.php?rest_route=%2Fwp%2Fv2%2Fmedia&parent=42"}],"curies":[{"name":"wp","href":"https:\/\/api.w.org\/{rel}","templated":true}]}}