{"id":23,"date":"2023-01-11T11:50:22","date_gmt":"2023-01-11T10:50:22","guid":{"rendered":"https:\/\/psycholog-ino.pl\/strona\/?page_id=23"},"modified":"2024-02-23T07:28:42","modified_gmt":"2024-02-23T06:28:42","slug":"kontakt","status":"publish","type":"page","link":"https:\/\/psycholog-ino.pl\/?page_id=23","title":{"rendered":"Kontakt"},"content":{"rendered":"\n<p class=\"has-text-align-center has-medium-font-size\">Inowroc\u0142aw<\/p>\n\n\n\n<p class=\"has-text-align-center has-medium-font-size\">ul. Szeroka 1 <em>(przy Rynku)<\/em>, gabinet nr 116<\/p>\n\n\n\n<p class=\"has-text-align-center has-text-color has-medium-font-size\" style=\"color:#8d9c71\"><em>wizyty odbywaj\u0105 si\u0119 po wcze\u015bniejszym uzgodnieniu telefonicznym<\/em><\/p>\n\n\n\n<p class=\"has-text-align-center has-medium-font-size\">tel. <strong>691 513 968<\/strong><br>email: sarnowska@psycholog-ino.pl<\/p>\n\n\n<p><center><iframe src=\"https:\/\/www.google.com\/maps\/embed?pb=!1m18!1m12!1m3!1d877.9483186800811!2d18.259561731290113!3d52.79495389753405!2m3!1f0!2f0!3f0!3m2!1i1024!2i768!4f13.1!3m3!1m2!1s0x4703508b5f31c1db%3A0xbf77c694daf36455!2sSzeroka%201%2C%2088-100%20Inowroc%C5%82aw!5e0!3m2!1spl!2spl!4v1700551430207!5m2!1spl!2spl\" width=\"500\" height=\"400\" style=\"border:0;\" allowfullscreen=\"\" loading=\"lazy\" referrerpolicy=\"no-referrer-when-downgrade\"><\/iframe><\/center><\/p>","protected":false},"excerpt":{"rendered":"<p>Inowroc\u0142aw ul. Szeroka 1 (przy Rynku), gabinet nr 116 wizyty odbywaj\u0105 si\u0119 po wcze\u015bniejszym uzgodnieniu telefonicznym tel. 691 513 968email: sarnowska@psycholog-ino.pl<\/p>\n","protected":false},"author":1,"featured_media":0,"parent":0,"menu_order":0,"comment_status":"closed","ping_status":"closed","template":"","meta":{"footnotes":""},"_links":{"self":[{"href":"https:\/\/psycholog-ino.pl\/index.php?rest_route=\/wp\/v2\/pages\/23"}],"collection":[{"href":"https:\/\/psycholog-ino.pl\/index.php?rest_route=\/wp\/v2\/pages"}],"about":[{"href":"https:\/\/psycholog-ino.pl\/index.php?rest_route=\/wp\/v2\/types\/page"}],"author":[{"embeddable":true,"href":"https:\/\/psycholog-ino.pl\/index.php?rest_route=\/wp\/v2\/users\/1"}],"replies":[{"embeddable":true,"href":"https:\/\/psycholog-ino.pl\/index.php?rest_route=%2Fwp%2Fv2%2Fcomments&post=23"}],"version-history":[{"count":18,"href":"https:\/\/psycholog-ino.pl\/index.php?rest_route=\/wp\/v2\/pages\/23\/revisions"}],"predecessor-version":[{"id":180,"href":"https:\/\/psycholog-ino.pl\/index.php?rest_route=\/wp\/v2\/pages\/23\/revisions\/180"}],"wp:attachment":[{"href":"https:\/\/psycholog-ino.pl\/index.php?rest_route=%2Fwp%2Fv2%2Fmedia&parent=23"}],"curies":[{"name":"wp","href":"https:\/\/api.w.org\/{rel}","templated":true}]}}