{"id":21,"date":"2023-01-11T11:50:11","date_gmt":"2023-01-11T10:50:11","guid":{"rendered":"https:\/\/psycholog-ino.pl\/strona\/?page_id=21"},"modified":"2023-11-20T13:16:09","modified_gmt":"2023-11-20T12:16:09","slug":"o-mnie","status":"publish","type":"page","link":"https:\/\/psycholog-ino.pl\/?page_id=21","title":{"rendered":"O mnie"},"content":{"rendered":"\n<p class=\"has-medium-font-size\">Jestem absolwentk\u0105 Wydzia\u0142u Psychologii Uniwersytetu im. Adama Mickiewicza w Poznaniu.<br>Uko\u0144czy\u0142am podyplomowe studia specjalizacyjne w zakresie psychologii klinicznej uzyskuj\u0105c tytu\u0142 specjalisty psychologii klinicznej (specjalno\u015b\u0107 -neuropsychologia).<\/p>\n\n\n\n<p class=\"has-medium-font-size\">Szkoli\u0142am si\u0119 w zakresie systemowej terapii indywidualnej i rodzinnej w Wielkopolskim Towarzystwie Terapii Systemowej w Poznaniu.<\/p>\n\n\n\n<p class=\"has-medium-font-size\">Jestem absolwentk\u0105 czteroletniej podyplomowej Szko\u0142y Psychoterapii Poznawczo-Behawioralnej Uniwersytetu SWPS pod kierownictwem dr hab. Agnieszki Popiel i dr Ewy Prag\u0142owskiej w Poznaniu: Certyfikat Psychoterapeuty Poznawczo-Behawioralnego PTTPB nr 978.<\/p>\n\n\n\n<p class=\"has-medium-font-size\">Wszechstronne do\u015bwiadczenie zawodowe zdoby\u0142am prowadz\u0105c konsultuje psychologiczne i neuropsychologiczne u pacjent\u00f3w szpitala, zajmuj\u0105c si\u0119 diagnoz\u0105, pomoc\u0105 psychologiczn\u0105 i psychoterapi\u0105 w ramach wieloletniej pracy w Poradni Psychologicznej i Poradni Zdrowia Psychicznego.<\/p>\n\n\n\n<p class=\"has-medium-font-size\">Uczestniczy\u0142am w wielu sta\u017cach specjalizacyjnych i szkoleniach podnosz\u0105c swoje kwalifikacje, nadal szkol\u0119 si\u0119 pog\u0142\u0119biaj\u0105c swoj\u0105 wiedz\u0119 i do\u015bwiadczenie kliniczne, obecnie g\u0142\u00f3wnie w zakresie psychoterapii poznawczo &#8211; behawioralnej, a w szczeg\u00f3lno\u015bci terapii schemat\u00f3w, swoj\u0105 prac\u0119 psychoterapeutyczn\u0105 poddaj\u0119 systematycznej superwizji.<\/p>\n","protected":false},"excerpt":{"rendered":"<p>Jestem absolwentk\u0105 Wydzia\u0142u Psychologii Uniwersytetu im. Adama Mickiewicza w Poznaniu.Uko\u0144czy\u0142am podyplomowe studia specjalizacyjne w zakresie psychologii klinicznej uzyskuj\u0105c tytu\u0142 specjalisty psychologii klinicznej (specjalno\u015b\u0107 -neuropsychologia). Szkoli\u0142am si\u0119 w zakresie systemowej terapii indywidualnej i rodzinnej w Wielkopolskim Towarzystwie Terapii Systemowej w Poznaniu. Jestem absolwentk\u0105 czteroletniej podyplomowej Szko\u0142y Psychoterapii Poznawczo-Behawioralnej Uniwersytetu SWPS pod kierownictwem dr hab. Agnieszki Popiel <a class=\"read-more\" href=\"https:\/\/psycholog-ino.pl\/?page_id=21\">READ MORE<\/a><\/p>\n","protected":false},"author":1,"featured_media":0,"parent":0,"menu_order":0,"comment_status":"closed","ping_status":"closed","template":"","meta":{"footnotes":""},"_links":{"self":[{"href":"https:\/\/psycholog-ino.pl\/index.php?rest_route=\/wp\/v2\/pages\/21"}],"collection":[{"href":"https:\/\/psycholog-ino.pl\/index.php?rest_route=\/wp\/v2\/pages"}],"about":[{"href":"https:\/\/psycholog-ino.pl\/index.php?rest_route=\/wp\/v2\/types\/page"}],"author":[{"embeddable":true,"href":"https:\/\/psycholog-ino.pl\/index.php?rest_route=\/wp\/v2\/users\/1"}],"replies":[{"embeddable":true,"href":"https:\/\/psycholog-ino.pl\/index.php?rest_route=%2Fwp%2Fv2%2Fcomments&post=21"}],"version-history":[{"count":7,"href":"https:\/\/psycholog-ino.pl\/index.php?rest_route=\/wp\/v2\/pages\/21\/revisions"}],"predecessor-version":[{"id":119,"href":"https:\/\/psycholog-ino.pl\/index.php?rest_route=\/wp\/v2\/pages\/21\/revisions\/119"}],"wp:attachment":[{"href":"https:\/\/psycholog-ino.pl\/index.php?rest_route=%2Fwp%2Fv2%2Fmedia&parent=21"}],"curies":[{"name":"wp","href":"https:\/\/api.w.org\/{rel}","templated":true}]}}